{"id":7358,"date":"2024-03-04T13:23:33","date_gmt":"2024-03-04T13:23:33","guid":{"rendered":"https:\/\/www.nt-automation.eu\/?page_id=7358"},"modified":"2025-04-24T14:32:20","modified_gmt":"2025-04-24T12:32:20","slug":"cookies","status":"publish","type":"page","link":"https:\/\/www.nt-automation.eu\/ro\/cookies\/","title":{"rendered":"Cookies"},"content":{"rendered":"<div data-elementor-type=\"wp-page\" data-elementor-id=\"7358\" class=\"elementor elementor-7358\" data-elementor-post-type=\"page\">\n\t\t\t\t\t\t<section class=\"elementor-section elementor-top-section elementor-element elementor-element-a5911e5 elementor-section-boxed elementor-section-height-default elementor-section-height-default\" data-id=\"a5911e5\" data-element_type=\"section\" data-settings=\"{&quot;background_background&quot;:&quot;classic&quot;}\">\n\t\t\t\t\t\t<div class=\"elementor-container elementor-column-gap-default\">\n\t\t\t\t\t<div class=\"elementor-column elementor-col-100 elementor-top-column elementor-element elementor-element-a591a49\" data-id=\"a591a49\" data-element_type=\"column\" data-settings=\"{&quot;background_background&quot;:&quot;classic&quot;}\">\n\t\t\t<div class=\"elementor-widget-wrap elementor-element-populated\">\n\t\t\t\t\t\t<div class=\"elementor-element elementor-element-6e64721 elementor-widget elementor-widget-heading\" data-id=\"6e64721\" data-element_type=\"widget\" data-widget_type=\"heading.default\">\n\t\t\t\t<div class=\"elementor-widget-container\">\n\t\t\t\t\t<h2 class=\"elementor-heading-title elementor-size-default\">COOKIES<\/h2>\t\t\t\t<\/div>\n\t\t\t\t<\/div>\n\t\t\t\t\t<\/div>\n\t\t<\/div>\n\t\t\t\t\t<\/div>\n\t\t<\/section>\n\t\t<div class=\"elementor-element elementor-element-dee30a5 e-flex e-con-boxed e-con e-parent\" data-id=\"dee30a5\" data-element_type=\"container\">\n\t\t\t\t\t<div class=\"e-con-inner\">\n\t\t\t\t<div class=\"elementor-element elementor-element-a5e49f6 elementor-widget elementor-widget-text-editor\" data-id=\"a5e49f6\" data-element_type=\"widget\" data-widget_type=\"text-editor.default\">\n\t\t\t\t<div class=\"elementor-widget-container\">\n\t\t\t\t\t\t\t\t\t<p data-pm-slice=\"1 1 []\"><strong>Cookie Policy<\/strong><\/p>\n<p>Aceast\u0103 politic\u0103 privind cookie-urile se aplic\u0103 tuturor utilizatorilor site-ului web <a href=\"https:\/\/www.nt-automation.eu\/ro\/\">https:\/\/www.nt-automation.eu<\/a> website. Its purpose is to provide users with clear and transparent information about the use of cookies while browsing this website.<\/p>\n<h3>What are cookies?<\/h3>\n<p>Cookies are small text files consisting of letters and numbers, stored on the user&#8217;s device (such as a computer or mobile phone) when visiting a website. Cookies are passive \u2013 they do not contain software, viruses, or spyware, and they cannot access information on the user\u2019s hard drive.<\/p>\n<h3>Purpose of cookies<\/h3>\n<p>Cookies are used to enhance the browsing experience, provide relevant and personalized content, and support our efforts to deliver user-friendly services. They also help us generate anonymous statistics about site usage, which allow us to improve the structure and content of the website.<\/p>\n<h3>Types of cookies we use<\/h3>\n<p>The following types of cookies may be placed while you visit this site:<\/p>\n<ul data-spread=\"true\">\n<li>\n<p><strong>Cookie-uri de performanta<\/strong><br \/>These remember user preferences (e.g., video volume settings, streaming quality), reducing the need to configure them each time the site is visited.<\/p>\n<\/li>\n<li>\n<p><strong>Geotargeting cookies<\/strong><br \/>These cookies determine the user&#8217;s country, anonymously, and are used to tailor content regardless of the language page being visited.<\/p>\n<\/li>\n<li>\n<p><strong>Cookie-uri pentru publicitate<\/strong><br \/>These help us understand whether a user has seen an online advertisement, what type of ad it was, and how long ago it was viewed. They may also be used for targeted advertising. Third-party cookies may also be used for better targeting, based on prior browsing behavior. These cookies store information about viewed content, not about the user.<\/p>\n<\/li>\n<li>\n<p><strong>Other third-party cookies<\/strong><br \/>Certain pages may include cookies set by third parties, such as social media platforms. These cookies help track the performance of an application or personalize it. This site cannot access third-party cookies, nor can third parties access this site\u2019s cookies.<\/p>\n<\/li>\n<\/ul>\n<h3>Information stored and accessed via cookies<\/h3>\n<p>Cookies store important information that improves browsing (e.g., language preferences, keeping users logged in, online banking security, maintaining shopping cart contents). The server recognizes the browser until the cookie expires or is deleted.<\/p>\n<h3>Managing cookies<\/h3>\n<p>Users can withdraw their consent to cookies at any time. Cookies can be blocked or deleted using browser settings or third-party tools. Please note that disabling cookies may affect the functionality of certain parts of the website.<\/p>\n<p>Instructions for managing cookies in various browsers:<\/p>\n<ul data-spread=\"false\">\n<li>\n<p><a href=\"https:\/\/support.microsoft.com\/en-us\/topic\/how-to-delete-cookie-files-in-internet-explorer-bca9446f-d873-78de-77ba-d42645fa52fc\">Internet Explorer<\/a><\/p>\n<\/li>\n<li>\n<p><a href=\"https:\/\/support.mozilla.org\/en-US\/kb\/enhanced-tracking-protection-firefox-desktop\">Firefox<\/a><\/p>\n<\/li>\n<li>\n<p><a href=\"https:\/\/support.google.com\/chrome\/answer\/95647\">Chrome<\/a><\/p>\n<\/li>\n<li>\n<p><a href=\"https:\/\/support.apple.com\/en-us\/HT201265\">Safari<\/a><\/p>\n<\/li>\n<li>\n<p><a href=\"https:\/\/support.microsoft.com\/en-us\/microsoft-edge\/delete-cookies-in-microsoft-edge-63947406-40ac-c3b8-57b9-2a946a29ae09\">Edge<\/a><\/p>\n<\/li>\n<li>\n<p><a href=\"https:\/\/help.opera.com\/en\/latest\/web-preferences\/#cookies\">Opera<\/a><\/p>\n<\/li>\n<\/ul>\n<p>To opt out of Google Analytics cookies:<\/p>\n<ul data-spread=\"false\">\n<li>\n<p><a href=\"https:\/\/tools.google.com\/dlpage\/gaoptout\">Google Analytics Opt-out Browser Add-on<\/a><\/p>\n<\/li>\n<\/ul>\n<p>For more information on managing advertising cookies, visit:<\/p>\n<ul data-spread=\"false\">\n<li>\n<p><a href=\"http:\/\/www.youronlinechoices.com\/\">Your Online Choices (EU)<\/a><\/p>\n<\/li>\n<\/ul>\n<h3>Linkuri utile<\/h3>\n<p>To learn more about cookies:<\/p>\n<ul data-spread=\"false\">\n<li>\n<p>Microsoft Cookies Guide<\/p>\n<\/li>\n<li>\n<p><a href=\"https:\/\/www.allaboutcookies.org\/\">All About Cookies<\/a><\/p>\n<\/li>\n<li>\n<p><a href=\"https:\/\/en.wikipedia.org\/wiki\/HTTP_cookie\">Wikipedia: HTTP Cookie<\/a><\/p>\n<\/li>\n<\/ul>\n<p>IAB Romania provides the following site to provide more information on\u00a0privacy related to online advertising:\u00a0<a href=\"http:\/\/www.youronlinechoices.com\/ro\/\">http:\/\/www.youronlinechoices.com\/ro\/<\/a><\/p>\n\t\t\t\t\t\t\t\t<\/div>\n\t\t\t\t<\/div>\n\t\t\t\t\t<\/div>\n\t\t\t\t<\/div>\n\t\t\t\t<section class=\"elementor-section elementor-top-section elementor-element elementor-element-dba0cc5 elementor-section-boxed elementor-section-height-default elementor-section-height-default\" data-id=\"dba0cc5\" data-element_type=\"section\" data-settings=\"{&quot;background_background&quot;:&quot;classic&quot;}\">\n\t\t\t\t\t\t<div class=\"elementor-container elementor-column-gap-default\">\n\t\t\t\t\t<div class=\"elementor-column elementor-col-100 elementor-top-column elementor-element elementor-element-2a5571e\" data-id=\"2a5571e\" data-element_type=\"column\" data-settings=\"{&quot;background_background&quot;:&quot;classic&quot;}\">\n\t\t\t<div class=\"elementor-widget-wrap elementor-element-populated\">\n\t\t\t\t\t\t<div class=\"elementor-element elementor-element-d49403f elementor-widget elementor-widget-vc_cta\" data-id=\"d49403f\" data-element_type=\"widget\" data-widget_type=\"vc_cta.default\">\n\t\t\t\t<div class=\"elementor-widget-container\">\n\t\t\t\t\t\n<div class=\"ce_cta ce_cta_900e5b9fba1febe02d43544a84b5e2ae ce_text_left  add_button_right btn_align_ btn_button_block_\" id=\"\">\n\t<div class=\"ce_cta__content\">\n\t\t<div class=\"ce_cta__content__header\">\n\t\t\t<h2  class='ce_cta__content__title'>Vrei s\u0103 faci parte dintr-o echip\u0103 puternic\u0103?<\/h2>\t\t<\/div>\n\t\t\t<\/div>\n\n\t\t<div class=\"ce_cta__action\">\n\t\t<a\n\t\t\thref=\"#\"\n\t\t\t\t\t\ttarget=\"_self\"\n\t\t\tclass=\"button\">\n\t\t\t<span>Trimite CV<\/span>\n\t\t\t\t\t<\/a>\n\t<\/div>\n\t<\/div>\n\t\t\t\t<\/div>\n\t\t\t\t<\/div>\n\t\t\t\t\t<\/div>\n\t\t<\/div>\n\t\t\t\t\t<\/div>\n\t\t<\/section>\n\t\t\t\t<\/div>","protected":false},"excerpt":{"rendered":"<p>COOKIES Cookie Policy This Cookie Policy applies to all users of the https:\/\/www.nt-automation.eu website. Its purpose is to provide users with clear and transparent information about the use of cookies while browsing this website. What are cookies? Cookies are small text files consisting of letters and numbers, stored on the user&#8217;s device (such as a<\/p>","protected":false},"author":1,"featured_media":0,"parent":0,"menu_order":0,"comment_status":"closed","ping_status":"closed","template":"","meta":{"footnotes":""},"class_list":["post-7358","page","type-page","status-publish","hentry"],"yoast_head":"<!-- This site is optimized with the Yoast SEO plugin v26.7 - https:\/\/yoast.com\/wordpress\/plugins\/seo\/ -->\n<title>Cookies | NewTech Automation<\/title>\n<meta name=\"robots\" content=\"index, follow, max-snippet:-1, max-image-preview:large, max-video-preview:-1\" \/>\n<link rel=\"canonical\" href=\"https:\/\/www.nt-automation.eu\/ro\/cookies\/\" \/>\n<meta property=\"og:locale\" content=\"ro_RO\" \/>\n<meta property=\"og:type\" content=\"article\" \/>\n<meta property=\"og:title\" content=\"Cookies | NewTech Automation\" \/>\n<meta property=\"og:description\" content=\"COOKIES Cookie Policy This Cookie Policy applies to all users of the https:\/\/www.nt-automation.eu website. Its purpose is to provide users with clear and transparent information about the use of cookies while browsing this website. What are cookies? Cookies are small text files consisting of letters and numbers, stored on the user&#8217;s device (such as a\" \/>\n<meta property=\"og:url\" content=\"https:\/\/www.nt-automation.eu\/ro\/cookies\/\" \/>\n<meta property=\"og:site_name\" content=\"NewTech Automation\" \/>\n<meta property=\"article:publisher\" content=\"https:\/\/www.facebook.com\/ntautomation\" \/>\n<meta property=\"article:modified_time\" content=\"2025-04-24T12:32:20+00:00\" \/>\n<meta name=\"twitter:card\" content=\"summary_large_image\" \/>\n<meta name=\"twitter:site\" content=\"@ntautomation\" \/>\n<meta name=\"twitter:label1\" content=\"Timp estimat pentru citire\" \/>\n\t<meta name=\"twitter:data1\" content=\"3 minute\" \/>\n<script type=\"application\/ld+json\" class=\"yoast-schema-graph\">{\"@context\":\"https:\/\/schema.org\",\"@graph\":[{\"@type\":\"WebPage\",\"@id\":\"https:\/\/www.nt-automation.eu\/cookies\/\",\"url\":\"https:\/\/www.nt-automation.eu\/cookies\/\",\"name\":\"Cookies | NewTech Automation\",\"isPartOf\":{\"@id\":\"https:\/\/www.nt-automation.eu\/#website\"},\"datePublished\":\"2024-03-04T13:23:33+00:00\",\"dateModified\":\"2025-04-24T12:32:20+00:00\",\"breadcrumb\":{\"@id\":\"https:\/\/www.nt-automation.eu\/cookies\/#breadcrumb\"},\"inLanguage\":\"ro-RO\",\"potentialAction\":[{\"@type\":\"ReadAction\",\"target\":[\"https:\/\/www.nt-automation.eu\/cookies\/\"]}]},{\"@type\":\"BreadcrumbList\",\"@id\":\"https:\/\/www.nt-automation.eu\/cookies\/#breadcrumb\",\"itemListElement\":[{\"@type\":\"ListItem\",\"position\":1,\"name\":\"Home\",\"item\":\"https:\/\/www.nt-automation.eu\/\"},{\"@type\":\"ListItem\",\"position\":2,\"name\":\"Cookies\"}]},{\"@type\":\"WebSite\",\"@id\":\"https:\/\/www.nt-automation.eu\/#website\",\"url\":\"https:\/\/www.nt-automation.eu\/\",\"name\":\"NewTech Automation\",\"description\":\"Excellence in Every Step\",\"alternateName\":\"NTA\",\"potentialAction\":[{\"@type\":\"SearchAction\",\"target\":{\"@type\":\"EntryPoint\",\"urlTemplate\":\"https:\/\/www.nt-automation.eu\/?s={search_term_string}\"},\"query-input\":{\"@type\":\"PropertyValueSpecification\",\"valueRequired\":true,\"valueName\":\"search_term_string\"}}],\"inLanguage\":\"ro-RO\"}]}<\/script>\n<!-- \/ Yoast SEO plugin. -->","yoast_head_json":{"title":"Cookies | NewTech Automation","robots":{"index":"index","follow":"follow","max-snippet":"max-snippet:-1","max-image-preview":"max-image-preview:large","max-video-preview":"max-video-preview:-1"},"canonical":"https:\/\/www.nt-automation.eu\/ro\/cookies\/","og_locale":"ro_RO","og_type":"article","og_title":"Cookies | NewTech Automation","og_description":"COOKIES Cookie Policy This Cookie Policy applies to all users of the https:\/\/www.nt-automation.eu website. Its purpose is to provide users with clear and transparent information about the use of cookies while browsing this website. What are cookies? Cookies are small text files consisting of letters and numbers, stored on the user&#8217;s device (such as a","og_url":"https:\/\/www.nt-automation.eu\/ro\/cookies\/","og_site_name":"NewTech Automation","article_publisher":"https:\/\/www.facebook.com\/ntautomation","article_modified_time":"2025-04-24T12:32:20+00:00","twitter_card":"summary_large_image","twitter_site":"@ntautomation","twitter_misc":{"Timp estimat pentru citire":"3 minute"},"schema":{"@context":"https:\/\/schema.org","@graph":[{"@type":"WebPage","@id":"https:\/\/www.nt-automation.eu\/cookies\/","url":"https:\/\/www.nt-automation.eu\/cookies\/","name":"Cookies | NewTech Automation","isPartOf":{"@id":"https:\/\/www.nt-automation.eu\/#website"},"datePublished":"2024-03-04T13:23:33+00:00","dateModified":"2025-04-24T12:32:20+00:00","breadcrumb":{"@id":"https:\/\/www.nt-automation.eu\/cookies\/#breadcrumb"},"inLanguage":"ro-RO","potentialAction":[{"@type":"ReadAction","target":["https:\/\/www.nt-automation.eu\/cookies\/"]}]},{"@type":"BreadcrumbList","@id":"https:\/\/www.nt-automation.eu\/cookies\/#breadcrumb","itemListElement":[{"@type":"ListItem","position":1,"name":"Home","item":"https:\/\/www.nt-automation.eu\/"},{"@type":"ListItem","position":2,"name":"Cookies"}]},{"@type":"WebSite","@id":"https:\/\/www.nt-automation.eu\/#website","url":"https:\/\/www.nt-automation.eu\/","name":"NewTech Automation","description":"Excellence in Every Step","alternateName":"NTA","potentialAction":[{"@type":"SearchAction","target":{"@type":"EntryPoint","urlTemplate":"https:\/\/www.nt-automation.eu\/?s={search_term_string}"},"query-input":{"@type":"PropertyValueSpecification","valueRequired":true,"valueName":"search_term_string"}}],"inLanguage":"ro-RO"}]}},"_links":{"self":[{"href":"https:\/\/www.nt-automation.eu\/ro\/wp-json\/wp\/v2\/pages\/7358","targetHints":{"allow":["GET"]}}],"collection":[{"href":"https:\/\/www.nt-automation.eu\/ro\/wp-json\/wp\/v2\/pages"}],"about":[{"href":"https:\/\/www.nt-automation.eu\/ro\/wp-json\/wp\/v2\/types\/page"}],"author":[{"embeddable":true,"href":"https:\/\/www.nt-automation.eu\/ro\/wp-json\/wp\/v2\/users\/1"}],"replies":[{"embeddable":true,"href":"https:\/\/www.nt-automation.eu\/ro\/wp-json\/wp\/v2\/comments?post=7358"}],"version-history":[{"count":53,"href":"https:\/\/www.nt-automation.eu\/ro\/wp-json\/wp\/v2\/pages\/7358\/revisions"}],"predecessor-version":[{"id":8292,"href":"https:\/\/www.nt-automation.eu\/ro\/wp-json\/wp\/v2\/pages\/7358\/revisions\/8292"}],"wp:attachment":[{"href":"https:\/\/www.nt-automation.eu\/ro\/wp-json\/wp\/v2\/media?parent=7358"}],"curies":[{"name":"wp","href":"https:\/\/api.w.org\/{rel}","templated":true}]}}