{"id":6266,"date":"2019-11-26T09:25:26","date_gmt":"2019-11-26T09:25:26","guid":{"rendered":"http:\/\/consulting.stylemixthemes.com\/demo\/?page_id=6266"},"modified":"2024-05-22T13:00:02","modified_gmt":"2024-05-22T13:00:02","slug":"services","status":"publish","type":"page","link":"https:\/\/www.nt-automation.eu\/ro\/services\/","title":{"rendered":"services"},"content":{"rendered":"<div data-elementor-type=\"wp-page\" data-elementor-id=\"6266\" class=\"elementor elementor-6266\" data-elementor-post-type=\"page\">\n\t\t\t\t\t\t<section class=\"elementor-section elementor-top-section elementor-element elementor-element-326ec37 elementor-section-boxed elementor-section-height-default elementor-section-height-default\" data-id=\"326ec37\" data-element_type=\"section\">\n\t\t\t\t\t\t<div class=\"elementor-container elementor-column-gap-default\">\n\t\t\t\t\t<div class=\"elementor-column elementor-col-100 elementor-top-column elementor-element elementor-element-326f0df\" data-id=\"326f0df\" data-element_type=\"column\">\n\t\t\t<div class=\"elementor-widget-wrap elementor-element-populated\">\n\t\t\t\t\t\t<div class=\"elementor-element elementor-element-d979979 elementor-widget elementor-widget-heading\" data-id=\"d979979\" data-element_type=\"widget\" data-widget_type=\"heading.default\">\n\t\t\t\t<div class=\"elementor-widget-container\">\n\t\t\t\t\t<h2 class=\"elementor-heading-title elementor-size-default\">Servicii oferite<\/h2>\t\t\t\t<\/div>\n\t\t\t\t<\/div>\n\t\t\t\t<div class=\"elementor-element elementor-element-326f4a2 elementor-widget elementor-widget-stm_services\" data-id=\"326f4a2\" data-element_type=\"widget\" data-widget_type=\"stm_services.default\">\n\t\t\t\t<div class=\"elementor-widget-container\">\n\t\t\t\t\t\n    <div class=\"stm_services consulting_elementor_services style_6 cols_3\">\n                                <div class=\"item\">\n                <div class=\"item_wr\">\n                                            \n                        <div class=\"item_thumbnail\">\n                            <a href=\"https:\/\/www.nt-automation.eu\/ro\/service\/installation-commissioning-and-maintenance-of-automated-production-lines\/\">\n                                <img src='https:\/\/www.nt-automation.eu\/wp-content\/uploads\/elementor\/thumbs\/Installation-commission-qomlyrfg0dq4x7dmzop4pmho8k5l36s22h3owsuo08.jpg' alt='' \/>                            <\/a>\n                                                    <\/div>\n                                                            <div class=\"content\" >\n                                                                            <h5>\n                                <a href=\"https:\/\/www.nt-automation.eu\/ro\/service\/installation-commissioning-and-maintenance-of-automated-production-lines\/\"\n                                                                       class=\"text_decoration_none secondary_font_color_hv\">Installation, commissioning, and maintenance of<br>automated production<br>lines.<\/a>\n                            <\/h5>\n                                                                            <p>With our multi-skilled technicians, we deliver comprehensive turnkey solutions and efficient on-site team management for electrical, mechanical, and automation projects worldwide.<\/p>\n                                                                            <a class=\"read_more\"\n                               href=\"https:\/\/www.nt-automation.eu\/ro\/service\/installation-commissioning-and-maintenance-of-automated-production-lines\/\" >\n                                <span>read more<\/span>\n                                <i class=\"fa fa-chevron-right stm_icon\"><\/i>\n                            <\/a>\n                                            <\/div>\n                <\/div>\n            <\/div>\n                                <div class=\"item\">\n                <div class=\"item_wr\">\n                                            \n                        <div class=\"item_thumbnail\">\n                            <a href=\"https:\/\/www.nt-automation.eu\/ro\/service\/in-house-production-and-testing-of-automated-machinery-both-mechanical-and-electrical\/\">\n                                <img src='https:\/\/www.nt-automation.eu\/wp-content\/uploads\/elementor\/thumbs\/Inhouse-qomm5rc6vzazcp7q4pl59ux7ftnye2k4d3xtiyh5oo.jpg' alt='' \/>                            <\/a>\n                                                    <\/div>\n                                                            <div class=\"content\" >\n                                                                            <h5>\n                                <a href=\"https:\/\/www.nt-automation.eu\/ro\/service\/in-house-production-and-testing-of-automated-machinery-both-mechanical-and-electrical\/\"\n                                                                       class=\"text_decoration_none secondary_font_color_hv\">In-house production and testing of automated machinery, both mechanical and electrical.<\/a>\n                            <\/h5>\n                                                                            <p>Our facilities in Romania enable us to construct automated machines, encompassing both mechanical and electrical assemblies. Leveraging our extensive network of partners, we ensure the highest quality components are used in our production process.<\/p>\n                                                                            <a class=\"read_more\"\n                               href=\"https:\/\/www.nt-automation.eu\/ro\/service\/in-house-production-and-testing-of-automated-machinery-both-mechanical-and-electrical\/\" >\n                                <span>read more<\/span>\n                                <i class=\"fa fa-chevron-right stm_icon\"><\/i>\n                            <\/a>\n                                            <\/div>\n                <\/div>\n            <\/div>\n                                <div class=\"item\">\n                <div class=\"item_wr\">\n                                            \n                        <div class=\"item_thumbnail\">\n                            <a href=\"https:\/\/www.nt-automation.eu\/ro\/service\/installation-and-implementation-of-industrial-networks-and-automated-building-management-systems\/\">\n                                <img src='https:\/\/www.nt-automation.eu\/wp-content\/uploads\/elementor\/thumbs\/AdobeStock_603390199-qomm0xg1rmoxou8bc4f5yksxjjh1u2ds178zqrmzns.jpg' alt='' \/>                            <\/a>\n                                                    <\/div>\n                                                            <div class=\"content\" >\n                                                                            <h5>\n                                <a href=\"https:\/\/www.nt-automation.eu\/ro\/service\/installation-and-implementation-of-industrial-networks-and-automated-building-management-systems\/\"\n                                                                       class=\"text_decoration_none secondary_font_color_hv\">Installation and implementation of industrial networks and automated building management systems.<\/a>\n                            <\/h5>\n                                                                            <p>We offer extensive expertise in the construction and implementation of industrial networks, including the development of control rooms for centralized and compact monitoring of production lines. Utilizing advanced technologies such as KNX and BMS&#8230;<\/p>\n                                                                            <a class=\"read_more\"\n                               href=\"https:\/\/www.nt-automation.eu\/ro\/service\/installation-and-implementation-of-industrial-networks-and-automated-building-management-systems\/\" >\n                                <span>read more<\/span>\n                                <i class=\"fa fa-chevron-right stm_icon\"><\/i>\n                            <\/a>\n                                            <\/div>\n                <\/div>\n            <\/div>\n            <\/div>\n\t\t\t\t<\/div>\n\t\t\t\t<\/div>\n\t\t\t\t\t<\/div>\n\t\t<\/div>\n\t\t\t\t\t<\/div>\n\t\t<\/section>\n\t\t\t\t<section class=\"elementor-section elementor-top-section elementor-element elementor-element-1478d45 elementor-section-boxed elementor-section-height-default elementor-section-height-default\" data-id=\"1478d45\" data-element_type=\"section\" data-settings=\"{&quot;background_background&quot;:&quot;classic&quot;}\">\n\t\t\t\t\t\t<div class=\"elementor-container elementor-column-gap-default\">\n\t\t\t\t\t<div class=\"elementor-column elementor-col-100 elementor-top-column elementor-element elementor-element-4f6bc6f\" data-id=\"4f6bc6f\" data-element_type=\"column\" data-settings=\"{&quot;background_background&quot;:&quot;classic&quot;}\">\n\t\t\t<div class=\"elementor-widget-wrap elementor-element-populated\">\n\t\t\t\t\t\t<div class=\"elementor-element elementor-element-25d2a0f elementor-widget elementor-widget-vc_cta\" data-id=\"25d2a0f\" data-element_type=\"widget\" data-widget_type=\"vc_cta.default\">\n\t\t\t\t<div class=\"elementor-widget-container\">\n\t\t\t\t\t\n<div class=\"ce_cta ce_cta_ef0567018e349fc95a414fa8920236f7 ce_text_left  add_button_right btn_align_ btn_button_block_\" id=\"\">\n\t<div class=\"ce_cta__content\">\n\t\t<div class=\"ce_cta__content__header\">\n\t\t\t<h2  class='ce_cta__content__title'>Vrei s\u0103 faci parte dintr-o echip\u0103 puternic\u0103?<\/h2>\t\t<\/div>\n\t\t\t<\/div>\n\n\t\t<div class=\"ce_cta__action\">\n\t\t<a\n\t\t\thref=\"https:\/\/www.nt-automation.eu\/ro\/career\/\"\n\t\t\t\t\t\ttarget=\"_self\"\n\t\t\tclass=\"button\">\n\t\t\t<span>Trimite CV<\/span>\n\t\t\t\t\t<\/a>\n\t<\/div>\n\t<\/div>\n\t\t\t\t<\/div>\n\t\t\t\t<\/div>\n\t\t\t\t\t<\/div>\n\t\t<\/div>\n\t\t\t\t\t<\/div>\n\t\t<\/section>\n\t\t\t\t<\/div>","protected":false},"excerpt":{"rendered":"<p>Services Production of automated packing machines Companies dislike the term \u2018turnaround consulting\u2019 because it represents failure. The truth is that turnaround consulting represents success. read more Installation and commissioning of automated lines Bonds and commodities are much more stable than stocks and trades. We allow our clients to invest in the right bonds &amp; commodities.<\/p>","protected":false},"author":1,"featured_media":0,"parent":0,"menu_order":0,"comment_status":"closed","ping_status":"closed","template":"","meta":{"footnotes":""},"class_list":["post-6266","page","type-page","status-publish","hentry"],"yoast_head":"<!-- This site is optimized with the Yoast SEO plugin v26.7 - https:\/\/yoast.com\/wordpress\/plugins\/seo\/ -->\n<title>services | NewTech Automation<\/title>\n<meta name=\"robots\" content=\"index, follow, max-snippet:-1, max-image-preview:large, max-video-preview:-1\" \/>\n<link rel=\"canonical\" href=\"https:\/\/www.nt-automation.eu\/ro\/services\/\" \/>\n<meta property=\"og:locale\" content=\"ro_RO\" \/>\n<meta property=\"og:type\" content=\"article\" \/>\n<meta property=\"og:title\" content=\"services | NewTech Automation\" \/>\n<meta property=\"og:description\" content=\"Services Production of automated packing machines Companies dislike the term \u2018turnaround consulting\u2019 because it represents failure. The truth is that turnaround consulting represents success. read more Installation and commissioning of automated lines Bonds and commodities are much more stable than stocks and trades. We allow our clients to invest in the right bonds &amp; commodities.\" \/>\n<meta property=\"og:url\" content=\"https:\/\/www.nt-automation.eu\/ro\/services\/\" \/>\n<meta property=\"og:site_name\" content=\"NewTech Automation\" \/>\n<meta property=\"article:publisher\" content=\"https:\/\/www.facebook.com\/ntautomation\" \/>\n<meta property=\"article:modified_time\" content=\"2024-05-22T13:00:02+00:00\" \/>\n<meta property=\"og:image\" content=\"http:\/\/www.nt-automation.eu\/wp-content\/uploads\/elementor\/thumbs\/Screenshot-2024-03-04-135902-qkpr2kwctdjv96lvii1p815a44md0z9u52fyb0sgzs.jpg\" \/>\n<meta name=\"twitter:card\" content=\"summary_large_image\" \/>\n<meta name=\"twitter:site\" content=\"@ntautomation\" \/>\n<script type=\"application\/ld+json\" class=\"yoast-schema-graph\">{\"@context\":\"https:\/\/schema.org\",\"@graph\":[{\"@type\":\"WebPage\",\"@id\":\"https:\/\/www.nt-automation.eu\/services\/\",\"url\":\"https:\/\/www.nt-automation.eu\/services\/\",\"name\":\"services | NewTech Automation\",\"isPartOf\":{\"@id\":\"https:\/\/www.nt-automation.eu\/#website\"},\"primaryImageOfPage\":{\"@id\":\"https:\/\/www.nt-automation.eu\/services\/#primaryimage\"},\"image\":{\"@id\":\"https:\/\/www.nt-automation.eu\/services\/#primaryimage\"},\"thumbnailUrl\":\"http:\/\/www.nt-automation.eu\/wp-content\/uploads\/elementor\/thumbs\/Screenshot-2024-03-04-135902-qkpr2kwctdjv96lvii1p815a44md0z9u52fyb0sgzs.jpg\",\"datePublished\":\"2019-11-26T09:25:26+00:00\",\"dateModified\":\"2024-05-22T13:00:02+00:00\",\"breadcrumb\":{\"@id\":\"https:\/\/www.nt-automation.eu\/services\/#breadcrumb\"},\"inLanguage\":\"ro-RO\",\"potentialAction\":[{\"@type\":\"ReadAction\",\"target\":[\"https:\/\/www.nt-automation.eu\/services\/\"]}]},{\"@type\":\"ImageObject\",\"inLanguage\":\"ro-RO\",\"@id\":\"https:\/\/www.nt-automation.eu\/services\/#primaryimage\",\"url\":\"http:\/\/www.nt-automation.eu\/wp-content\/uploads\/elementor\/thumbs\/Screenshot-2024-03-04-135902-qkpr2kwctdjv96lvii1p815a44md0z9u52fyb0sgzs.jpg\",\"contentUrl\":\"http:\/\/www.nt-automation.eu\/wp-content\/uploads\/elementor\/thumbs\/Screenshot-2024-03-04-135902-qkpr2kwctdjv96lvii1p815a44md0z9u52fyb0sgzs.jpg\"},{\"@type\":\"BreadcrumbList\",\"@id\":\"https:\/\/www.nt-automation.eu\/services\/#breadcrumb\",\"itemListElement\":[{\"@type\":\"ListItem\",\"position\":1,\"name\":\"Home\",\"item\":\"https:\/\/www.nt-automation.eu\/\"},{\"@type\":\"ListItem\",\"position\":2,\"name\":\"services\"}]},{\"@type\":\"WebSite\",\"@id\":\"https:\/\/www.nt-automation.eu\/#website\",\"url\":\"https:\/\/www.nt-automation.eu\/\",\"name\":\"NewTech Automation\",\"description\":\"Excellence in Every Step\",\"alternateName\":\"NTA\",\"potentialAction\":[{\"@type\":\"SearchAction\",\"target\":{\"@type\":\"EntryPoint\",\"urlTemplate\":\"https:\/\/www.nt-automation.eu\/?s={search_term_string}\"},\"query-input\":{\"@type\":\"PropertyValueSpecification\",\"valueRequired\":true,\"valueName\":\"search_term_string\"}}],\"inLanguage\":\"ro-RO\"}]}<\/script>\n<!-- \/ Yoast SEO plugin. -->","yoast_head_json":{"title":"services | NewTech Automation","robots":{"index":"index","follow":"follow","max-snippet":"max-snippet:-1","max-image-preview":"max-image-preview:large","max-video-preview":"max-video-preview:-1"},"canonical":"https:\/\/www.nt-automation.eu\/ro\/services\/","og_locale":"ro_RO","og_type":"article","og_title":"services | NewTech Automation","og_description":"Services Production of automated packing machines Companies dislike the term \u2018turnaround consulting\u2019 because it represents failure. The truth is that turnaround consulting represents success. read more Installation and commissioning of automated lines Bonds and commodities are much more stable than stocks and trades. We allow our clients to invest in the right bonds &amp; commodities.","og_url":"https:\/\/www.nt-automation.eu\/ro\/services\/","og_site_name":"NewTech Automation","article_publisher":"https:\/\/www.facebook.com\/ntautomation","article_modified_time":"2024-05-22T13:00:02+00:00","og_image":[{"url":"http:\/\/www.nt-automation.eu\/wp-content\/uploads\/elementor\/thumbs\/Screenshot-2024-03-04-135902-qkpr2kwctdjv96lvii1p815a44md0z9u52fyb0sgzs.jpg","type":"","width":"","height":""}],"twitter_card":"summary_large_image","twitter_site":"@ntautomation","schema":{"@context":"https:\/\/schema.org","@graph":[{"@type":"WebPage","@id":"https:\/\/www.nt-automation.eu\/services\/","url":"https:\/\/www.nt-automation.eu\/services\/","name":"services | NewTech Automation","isPartOf":{"@id":"https:\/\/www.nt-automation.eu\/#website"},"primaryImageOfPage":{"@id":"https:\/\/www.nt-automation.eu\/services\/#primaryimage"},"image":{"@id":"https:\/\/www.nt-automation.eu\/services\/#primaryimage"},"thumbnailUrl":"http:\/\/www.nt-automation.eu\/wp-content\/uploads\/elementor\/thumbs\/Screenshot-2024-03-04-135902-qkpr2kwctdjv96lvii1p815a44md0z9u52fyb0sgzs.jpg","datePublished":"2019-11-26T09:25:26+00:00","dateModified":"2024-05-22T13:00:02+00:00","breadcrumb":{"@id":"https:\/\/www.nt-automation.eu\/services\/#breadcrumb"},"inLanguage":"ro-RO","potentialAction":[{"@type":"ReadAction","target":["https:\/\/www.nt-automation.eu\/services\/"]}]},{"@type":"ImageObject","inLanguage":"ro-RO","@id":"https:\/\/www.nt-automation.eu\/services\/#primaryimage","url":"http:\/\/www.nt-automation.eu\/wp-content\/uploads\/elementor\/thumbs\/Screenshot-2024-03-04-135902-qkpr2kwctdjv96lvii1p815a44md0z9u52fyb0sgzs.jpg","contentUrl":"http:\/\/www.nt-automation.eu\/wp-content\/uploads\/elementor\/thumbs\/Screenshot-2024-03-04-135902-qkpr2kwctdjv96lvii1p815a44md0z9u52fyb0sgzs.jpg"},{"@type":"BreadcrumbList","@id":"https:\/\/www.nt-automation.eu\/services\/#breadcrumb","itemListElement":[{"@type":"ListItem","position":1,"name":"Home","item":"https:\/\/www.nt-automation.eu\/"},{"@type":"ListItem","position":2,"name":"services"}]},{"@type":"WebSite","@id":"https:\/\/www.nt-automation.eu\/#website","url":"https:\/\/www.nt-automation.eu\/","name":"NewTech Automation","description":"Excellence in Every Step","alternateName":"NTA","potentialAction":[{"@type":"SearchAction","target":{"@type":"EntryPoint","urlTemplate":"https:\/\/www.nt-automation.eu\/?s={search_term_string}"},"query-input":{"@type":"PropertyValueSpecification","valueRequired":true,"valueName":"search_term_string"}}],"inLanguage":"ro-RO"}]}},"_links":{"self":[{"href":"https:\/\/www.nt-automation.eu\/ro\/wp-json\/wp\/v2\/pages\/6266","targetHints":{"allow":["GET"]}}],"collection":[{"href":"https:\/\/www.nt-automation.eu\/ro\/wp-json\/wp\/v2\/pages"}],"about":[{"href":"https:\/\/www.nt-automation.eu\/ro\/wp-json\/wp\/v2\/types\/page"}],"author":[{"embeddable":true,"href":"https:\/\/www.nt-automation.eu\/ro\/wp-json\/wp\/v2\/users\/1"}],"replies":[{"embeddable":true,"href":"https:\/\/www.nt-automation.eu\/ro\/wp-json\/wp\/v2\/comments?post=6266"}],"version-history":[{"count":17,"href":"https:\/\/www.nt-automation.eu\/ro\/wp-json\/wp\/v2\/pages\/6266\/revisions"}],"predecessor-version":[{"id":7724,"href":"https:\/\/www.nt-automation.eu\/ro\/wp-json\/wp\/v2\/pages\/6266\/revisions\/7724"}],"wp:attachment":[{"href":"https:\/\/www.nt-automation.eu\/ro\/wp-json\/wp\/v2\/media?parent=6266"}],"curies":[{"name":"wp","href":"https:\/\/api.w.org\/{rel}","templated":true}]}}